{"id":2254,"date":"2017-12-27T13:25:42","date_gmt":"2017-12-27T13:25:42","guid":{"rendered":"http:\/\/pornobrasil.com\/?page_id=2254"},"modified":"2022-02-25T12:36:37","modified_gmt":"2022-02-25T15:36:37","slug":"categorias","status":"publish","type":"page","link":"https:\/\/pornobrasil.com\/categorias\/","title":{"rendered":"\u2705 Categorias"},"content":{"rendered":"<p>P\u00e1gina com as melhores e mais populares categorias <a href=\"https:\/\/pornobrasil.com\">porn\u00f4<\/a> como coroas, novinhas, gostosas, cornos, gordas, boquetes, Gangbang, travestis, l\u00e9sbicas, gays e muito mais. Gosta de v\u00eddeo e <a href=\"https:\/\/pornobrasil.com\/filmes-porno\/\">filme porn\u00f4<\/a> brasileiro? Nossas categorias s\u00e3o atualizadas frequentemente trazendo o melhor da pornografia nacional.<\/p>\n","protected":false},"excerpt":{"rendered":"<p>P\u00e1gina com as melhores e mais populares categorias porn\u00f4 como coroas, novinhas, gostosas, cornos, gordas, boquetes, Gangbang, travestis, l\u00e9sbicas, gays e muito mais. Gosta de v\u00eddeo e filme porn\u00f4 brasileiro? Nossas categorias s\u00e3o atualizadas frequentemente trazendo o melhor da pornografia nacional.<\/p>\n","protected":false},"author":1,"featured_media":0,"parent":0,"menu_order":0,"comment_status":"closed","ping_status":"closed","template":"template-categories.php","meta":{"_acf_changed":false,"footnotes":""},"class_list":["post-2254","page","type-page","status-publish","hentry"],"acf":[],"yoast_head":"<!-- This site is optimized with the Yoast SEO Premium plugin v27.3 (Yoast SEO v27.5) - https:\/\/yoast.com\/product\/yoast-seo-premium-wordpress\/ -->\n<title>Categorias Porno - Diversas categorias de v\u00eddeos porn\u00f4 nacionais<\/title>\n<meta name=\"description\" content=\"Categorias porno pra voc\u00ea se deliciar e curtir. Sele\u00e7\u00e3o com as mais pesquisas e melhores categorias do porno nacional e internacional. Amadoras, anal, bucetas, cornos, fetiches, novinhas, coroas e muitos mais.\" \/>\n<meta name=\"robots\" content=\"index, follow, max-snippet:-1, max-image-preview:large, max-video-preview:-1\" \/>\n<link rel=\"canonical\" href=\"https:\/\/pornobrasil.com\/categorias\/\" \/>\n<script type=\"application\/ld+json\" class=\"yoast-schema-graph\">{\"@context\":\"https:\\\/\\\/schema.org\",\"@graph\":[{\"@type\":\"WebPage\",\"@id\":\"https:\\\/\\\/pornobrasil.com\\\/categorias\\\/\",\"url\":\"https:\\\/\\\/pornobrasil.com\\\/categorias\\\/\",\"name\":\"Categorias Porno - Diversas categorias de v\u00eddeos porn\u00f4 nacionais\",\"isPartOf\":{\"@id\":\"https:\\\/\\\/pornobrasil.com\\\/#website\"},\"datePublished\":\"2017-12-27T13:25:42+00:00\",\"dateModified\":\"2022-02-25T15:36:37+00:00\",\"description\":\"Categorias porno pra voc\u00ea se deliciar e curtir. Sele\u00e7\u00e3o com as mais pesquisas e melhores categorias do porno nacional e internacional. Amadoras, anal, bucetas, cornos, fetiches, novinhas, coroas e muitos mais.\",\"breadcrumb\":{\"@id\":\"https:\\\/\\\/pornobrasil.com\\\/categorias\\\/#breadcrumb\"},\"inLanguage\":\"pt-BR\",\"potentialAction\":[{\"@type\":\"ReadAction\",\"target\":[\"https:\\\/\\\/pornobrasil.com\\\/categorias\\\/\"]}]},{\"@type\":\"BreadcrumbList\",\"@id\":\"https:\\\/\\\/pornobrasil.com\\\/categorias\\\/#breadcrumb\",\"itemListElement\":[{\"@type\":\"ListItem\",\"position\":1,\"name\":\"In\u00edcio\",\"item\":\"https:\\\/\\\/pornobrasil.com\\\/\"},{\"@type\":\"ListItem\",\"position\":2,\"name\":\"\u2705 Categorias\"}]},{\"@type\":\"WebSite\",\"@id\":\"https:\\\/\\\/pornobrasil.com\\\/#website\",\"url\":\"https:\\\/\\\/pornobrasil.com\\\/\",\"name\":\"Porno Brasil\",\"description\":\"V\u00eddeos Porn\u00f4 Brasileiro Gr\u00e1tis\",\"publisher\":{\"@id\":\"https:\\\/\\\/pornobrasil.com\\\/#organization\"},\"potentialAction\":[{\"@type\":\"SearchAction\",\"target\":{\"@type\":\"EntryPoint\",\"urlTemplate\":\"https:\\\/\\\/pornobrasil.com\\\/?s={search_term_string}\"},\"query-input\":{\"@type\":\"PropertyValueSpecification\",\"valueRequired\":true,\"valueName\":\"search_term_string\"}}],\"inLanguage\":\"pt-BR\"},{\"@type\":\"Organization\",\"@id\":\"https:\\\/\\\/pornobrasil.com\\\/#organization\",\"name\":\"Porno Brasil\",\"url\":\"https:\\\/\\\/pornobrasil.com\\\/\",\"logo\":{\"@type\":\"ImageObject\",\"inLanguage\":\"pt-BR\",\"@id\":\"https:\\\/\\\/pornobrasil.com\\\/#\\\/schema\\\/logo\\\/image\\\/\",\"url\":\"https:\\\/\\\/pornobrasil.com\\\/wp-content\\\/uploads\\\/2020\\\/10\\\/pornobrasil.png\",\"contentUrl\":\"https:\\\/\\\/pornobrasil.com\\\/wp-content\\\/uploads\\\/2020\\\/10\\\/pornobrasil.png\",\"width\":226,\"height\":30,\"caption\":\"Porno Brasil\"},\"image\":{\"@id\":\"https:\\\/\\\/pornobrasil.com\\\/#\\\/schema\\\/logo\\\/image\\\/\"}}]}<\/script>\n<!-- \/ Yoast SEO Premium plugin. -->","yoast_head_json":{"title":"Categorias Porno - Diversas categorias de v\u00eddeos porn\u00f4 nacionais","description":"Categorias porno pra voc\u00ea se deliciar e curtir. Sele\u00e7\u00e3o com as mais pesquisas e melhores categorias do porno nacional e internacional. Amadoras, anal, bucetas, cornos, fetiches, novinhas, coroas e muitos mais.","robots":{"index":"index","follow":"follow","max-snippet":"max-snippet:-1","max-image-preview":"max-image-preview:large","max-video-preview":"max-video-preview:-1"},"canonical":"https:\/\/pornobrasil.com\/categorias\/","schema":{"@context":"https:\/\/schema.org","@graph":[{"@type":"WebPage","@id":"https:\/\/pornobrasil.com\/categorias\/","url":"https:\/\/pornobrasil.com\/categorias\/","name":"Categorias Porno - Diversas categorias de v\u00eddeos porn\u00f4 nacionais","isPartOf":{"@id":"https:\/\/pornobrasil.com\/#website"},"datePublished":"2017-12-27T13:25:42+00:00","dateModified":"2022-02-25T15:36:37+00:00","description":"Categorias porno pra voc\u00ea se deliciar e curtir. Sele\u00e7\u00e3o com as mais pesquisas e melhores categorias do porno nacional e internacional. Amadoras, anal, bucetas, cornos, fetiches, novinhas, coroas e muitos mais.","breadcrumb":{"@id":"https:\/\/pornobrasil.com\/categorias\/#breadcrumb"},"inLanguage":"pt-BR","potentialAction":[{"@type":"ReadAction","target":["https:\/\/pornobrasil.com\/categorias\/"]}]},{"@type":"BreadcrumbList","@id":"https:\/\/pornobrasil.com\/categorias\/#breadcrumb","itemListElement":[{"@type":"ListItem","position":1,"name":"In\u00edcio","item":"https:\/\/pornobrasil.com\/"},{"@type":"ListItem","position":2,"name":"\u2705 Categorias"}]},{"@type":"WebSite","@id":"https:\/\/pornobrasil.com\/#website","url":"https:\/\/pornobrasil.com\/","name":"Porno Brasil","description":"V\u00eddeos Porn\u00f4 Brasileiro Gr\u00e1tis","publisher":{"@id":"https:\/\/pornobrasil.com\/#organization"},"potentialAction":[{"@type":"SearchAction","target":{"@type":"EntryPoint","urlTemplate":"https:\/\/pornobrasil.com\/?s={search_term_string}"},"query-input":{"@type":"PropertyValueSpecification","valueRequired":true,"valueName":"search_term_string"}}],"inLanguage":"pt-BR"},{"@type":"Organization","@id":"https:\/\/pornobrasil.com\/#organization","name":"Porno Brasil","url":"https:\/\/pornobrasil.com\/","logo":{"@type":"ImageObject","inLanguage":"pt-BR","@id":"https:\/\/pornobrasil.com\/#\/schema\/logo\/image\/","url":"https:\/\/pornobrasil.com\/wp-content\/uploads\/2020\/10\/pornobrasil.png","contentUrl":"https:\/\/pornobrasil.com\/wp-content\/uploads\/2020\/10\/pornobrasil.png","width":226,"height":30,"caption":"Porno Brasil"},"image":{"@id":"https:\/\/pornobrasil.com\/#\/schema\/logo\/image\/"}}]}},"_links":{"self":[{"href":"https:\/\/pornobrasil.com\/wp-json\/wp\/v2\/pages\/2254","targetHints":{"allow":["GET"]}}],"collection":[{"href":"https:\/\/pornobrasil.com\/wp-json\/wp\/v2\/pages"}],"about":[{"href":"https:\/\/pornobrasil.com\/wp-json\/wp\/v2\/types\/page"}],"author":[{"embeddable":true,"href":"https:\/\/pornobrasil.com\/wp-json\/wp\/v2\/users\/1"}],"replies":[{"embeddable":true,"href":"https:\/\/pornobrasil.com\/wp-json\/wp\/v2\/comments?post=2254"}],"version-history":[{"count":0,"href":"https:\/\/pornobrasil.com\/wp-json\/wp\/v2\/pages\/2254\/revisions"}],"wp:attachment":[{"href":"https:\/\/pornobrasil.com\/wp-json\/wp\/v2\/media?parent=2254"}],"curies":[{"name":"wp","href":"https:\/\/api.w.org\/{rel}","templated":true}]}}