{"id":25320,"date":"2021-09-18T18:01:29","date_gmt":"2021-09-18T21:01:29","guid":{"rendered":"https:\/\/pornobrasil.com\/?page_id=25320"},"modified":"2021-09-30T01:21:43","modified_gmt":"2021-09-30T04:21:43","slug":"canais-amadores","status":"publish","type":"page","link":"https:\/\/pornobrasil.com\/canais-amadores\/","title":{"rendered":"Canais Amadores"},"content":{"rendered":"<p>Lista com os melhores canais de <a href=\"https:\/\/pornobrasil.com\/sexo-amador\/\">porn\u00f4 amador<\/a> e <a href=\"https:\/\/pornobrasil.com\/tag\/sexo-caseiro\/\">sexo caseiro<\/a> do Brasil.<\/p>\n","protected":false},"excerpt":{"rendered":"<p>Lista com os melhores canais de porn\u00f4 amador e sexo caseiro do Brasil.<\/p>\n","protected":false},"author":1,"featured_media":0,"parent":0,"menu_order":0,"comment_status":"closed","ping_status":"closed","template":"template-canais-amadores.php","meta":{"_acf_changed":false,"footnotes":""},"class_list":["post-25320","page","type-page","status-publish","hentry"],"acf":[],"yoast_head":"<!-- This site is optimized with the Yoast SEO Premium plugin v27.5 (Yoast SEO v27.5) - https:\/\/yoast.com\/product\/yoast-seo-premium-wordpress\/ -->\n<title>Canais Porn\u00f4 Amadores - Porno Brasil<\/title>\n<meta name=\"description\" content=\"Canais porn\u00f4 amadores brasileiros. Lista com o melhor do porn\u00f4 amador e sexo caseiro do Brasil.\" \/>\n<meta name=\"robots\" content=\"index, follow, max-snippet:-1, max-image-preview:large, max-video-preview:-1\" \/>\n<link rel=\"canonical\" href=\"https:\/\/pornobrasil.com\/canais-amadores\/\" \/>\n<script type=\"application\/ld+json\" class=\"yoast-schema-graph\">{\"@context\":\"https:\\\/\\\/schema.org\",\"@graph\":[{\"@type\":\"WebPage\",\"@id\":\"https:\\\/\\\/pornobrasil.com\\\/canais-amadores\\\/\",\"url\":\"https:\\\/\\\/pornobrasil.com\\\/canais-amadores\\\/\",\"name\":\"Canais Porn\u00f4 Amadores - Porno Brasil\",\"isPartOf\":{\"@id\":\"https:\\\/\\\/pornobrasil.com\\\/#website\"},\"datePublished\":\"2021-09-18T21:01:29+00:00\",\"dateModified\":\"2021-09-30T04:21:43+00:00\",\"description\":\"Canais porn\u00f4 amadores brasileiros. Lista com o melhor do porn\u00f4 amador e sexo caseiro do Brasil.\",\"breadcrumb\":{\"@id\":\"https:\\\/\\\/pornobrasil.com\\\/canais-amadores\\\/#breadcrumb\"},\"inLanguage\":\"pt-BR\",\"potentialAction\":[{\"@type\":\"ReadAction\",\"target\":[\"https:\\\/\\\/pornobrasil.com\\\/canais-amadores\\\/\"]}]},{\"@type\":\"BreadcrumbList\",\"@id\":\"https:\\\/\\\/pornobrasil.com\\\/canais-amadores\\\/#breadcrumb\",\"itemListElement\":[{\"@type\":\"ListItem\",\"position\":1,\"name\":\"In\u00edcio\",\"item\":\"https:\\\/\\\/pornobrasil.com\\\/\"},{\"@type\":\"ListItem\",\"position\":2,\"name\":\"Canais Amadores\"}]},{\"@type\":\"WebSite\",\"@id\":\"https:\\\/\\\/pornobrasil.com\\\/#website\",\"url\":\"https:\\\/\\\/pornobrasil.com\\\/\",\"name\":\"Porno Brasil\",\"description\":\"V\u00eddeos Porn\u00f4 Brasileiro Gr\u00e1tis\",\"publisher\":{\"@id\":\"https:\\\/\\\/pornobrasil.com\\\/#organization\"},\"potentialAction\":[{\"@type\":\"SearchAction\",\"target\":{\"@type\":\"EntryPoint\",\"urlTemplate\":\"https:\\\/\\\/pornobrasil.com\\\/?s={search_term_string}\"},\"query-input\":{\"@type\":\"PropertyValueSpecification\",\"valueRequired\":true,\"valueName\":\"search_term_string\"}}],\"inLanguage\":\"pt-BR\"},{\"@type\":\"Organization\",\"@id\":\"https:\\\/\\\/pornobrasil.com\\\/#organization\",\"name\":\"Porno Brasil\",\"url\":\"https:\\\/\\\/pornobrasil.com\\\/\",\"logo\":{\"@type\":\"ImageObject\",\"inLanguage\":\"pt-BR\",\"@id\":\"https:\\\/\\\/pornobrasil.com\\\/#\\\/schema\\\/logo\\\/image\\\/\",\"url\":\"https:\\\/\\\/pornobrasil.com\\\/wp-content\\\/uploads\\\/2020\\\/10\\\/pornobrasil.png\",\"contentUrl\":\"https:\\\/\\\/pornobrasil.com\\\/wp-content\\\/uploads\\\/2020\\\/10\\\/pornobrasil.png\",\"width\":226,\"height\":30,\"caption\":\"Porno Brasil\"},\"image\":{\"@id\":\"https:\\\/\\\/pornobrasil.com\\\/#\\\/schema\\\/logo\\\/image\\\/\"}}]}<\/script>\n<!-- \/ Yoast SEO Premium plugin. -->","yoast_head_json":{"title":"Canais Porn\u00f4 Amadores - Porno Brasil","description":"Canais porn\u00f4 amadores brasileiros. Lista com o melhor do porn\u00f4 amador e sexo caseiro do Brasil.","robots":{"index":"index","follow":"follow","max-snippet":"max-snippet:-1","max-image-preview":"max-image-preview:large","max-video-preview":"max-video-preview:-1"},"canonical":"https:\/\/pornobrasil.com\/canais-amadores\/","schema":{"@context":"https:\/\/schema.org","@graph":[{"@type":"WebPage","@id":"https:\/\/pornobrasil.com\/canais-amadores\/","url":"https:\/\/pornobrasil.com\/canais-amadores\/","name":"Canais Porn\u00f4 Amadores - Porno Brasil","isPartOf":{"@id":"https:\/\/pornobrasil.com\/#website"},"datePublished":"2021-09-18T21:01:29+00:00","dateModified":"2021-09-30T04:21:43+00:00","description":"Canais porn\u00f4 amadores brasileiros. Lista com o melhor do porn\u00f4 amador e sexo caseiro do Brasil.","breadcrumb":{"@id":"https:\/\/pornobrasil.com\/canais-amadores\/#breadcrumb"},"inLanguage":"pt-BR","potentialAction":[{"@type":"ReadAction","target":["https:\/\/pornobrasil.com\/canais-amadores\/"]}]},{"@type":"BreadcrumbList","@id":"https:\/\/pornobrasil.com\/canais-amadores\/#breadcrumb","itemListElement":[{"@type":"ListItem","position":1,"name":"In\u00edcio","item":"https:\/\/pornobrasil.com\/"},{"@type":"ListItem","position":2,"name":"Canais Amadores"}]},{"@type":"WebSite","@id":"https:\/\/pornobrasil.com\/#website","url":"https:\/\/pornobrasil.com\/","name":"Porno Brasil","description":"V\u00eddeos Porn\u00f4 Brasileiro Gr\u00e1tis","publisher":{"@id":"https:\/\/pornobrasil.com\/#organization"},"potentialAction":[{"@type":"SearchAction","target":{"@type":"EntryPoint","urlTemplate":"https:\/\/pornobrasil.com\/?s={search_term_string}"},"query-input":{"@type":"PropertyValueSpecification","valueRequired":true,"valueName":"search_term_string"}}],"inLanguage":"pt-BR"},{"@type":"Organization","@id":"https:\/\/pornobrasil.com\/#organization","name":"Porno Brasil","url":"https:\/\/pornobrasil.com\/","logo":{"@type":"ImageObject","inLanguage":"pt-BR","@id":"https:\/\/pornobrasil.com\/#\/schema\/logo\/image\/","url":"https:\/\/pornobrasil.com\/wp-content\/uploads\/2020\/10\/pornobrasil.png","contentUrl":"https:\/\/pornobrasil.com\/wp-content\/uploads\/2020\/10\/pornobrasil.png","width":226,"height":30,"caption":"Porno Brasil"},"image":{"@id":"https:\/\/pornobrasil.com\/#\/schema\/logo\/image\/"}}]}},"_links":{"self":[{"href":"https:\/\/pornobrasil.com\/wp-json\/wp\/v2\/pages\/25320","targetHints":{"allow":["GET"]}}],"collection":[{"href":"https:\/\/pornobrasil.com\/wp-json\/wp\/v2\/pages"}],"about":[{"href":"https:\/\/pornobrasil.com\/wp-json\/wp\/v2\/types\/page"}],"author":[{"embeddable":true,"href":"https:\/\/pornobrasil.com\/wp-json\/wp\/v2\/users\/1"}],"replies":[{"embeddable":true,"href":"https:\/\/pornobrasil.com\/wp-json\/wp\/v2\/comments?post=25320"}],"version-history":[{"count":0,"href":"https:\/\/pornobrasil.com\/wp-json\/wp\/v2\/pages\/25320\/revisions"}],"wp:attachment":[{"href":"https:\/\/pornobrasil.com\/wp-json\/wp\/v2\/media?parent=25320"}],"curies":[{"name":"wp","href":"https:\/\/api.w.org\/{rel}","templated":true}]}}