{"id":4151,"date":"2018-03-08T04:40:10","date_gmt":"2018-03-08T04:40:10","guid":{"rendered":"http:\/\/pornobrasil.com\/?page_id=4151"},"modified":"2022-02-24T10:52:25","modified_gmt":"2022-02-24T13:52:25","slug":"tags","status":"publish","type":"page","link":"https:\/\/pornobrasil.com\/tags\/","title":{"rendered":"Tags"},"content":{"rendered":"<p>Lista ordenada de A a Z com as Tags mais populares do porn\u00f4 brasileiro. Assista seus v\u00eddeos e <a href=\"https:\/\/pornobrasil.com\/filmes-porno\/\">filmes porn\u00f4s<\/a> atrav\u00e9s das principais tags mais populares da pornografia atual.<\/p>\n","protected":false},"excerpt":{"rendered":"<p>Lista ordenada de A a Z com as Tags mais populares do porn\u00f4 brasileiro. Assista seus v\u00eddeos e filmes porn\u00f4s atrav\u00e9s das principais tags mais populares da pornografia atual.<\/p>\n","protected":false},"author":1,"featured_media":0,"parent":0,"menu_order":0,"comment_status":"closed","ping_status":"closed","template":"template-tags.php","meta":{"_acf_changed":false,"footnotes":""},"class_list":["post-4151","page","type-page","status-publish","hentry"],"acf":[],"yoast_head":"<!-- This site is optimized with the Yoast SEO Premium plugin v27.3 (Yoast SEO v27.5) - https:\/\/yoast.com\/product\/yoast-seo-premium-wordpress\/ -->\n<title>Tags - Porno Brasil<\/title>\n<meta name=\"description\" content=\"Tags e Categorias do porn\u00f4 brasileiro. Assista os melhores v\u00eddeos porn\u00f4s brasileiro gr\u00e1tis organizados por Tags. Pornobrasil.com!\" \/>\n<meta name=\"robots\" content=\"index, follow, max-snippet:-1, max-image-preview:large, max-video-preview:-1\" \/>\n<link rel=\"canonical\" href=\"https:\/\/pornobrasil.com\/tags\/\" \/>\n<script type=\"application\/ld+json\" class=\"yoast-schema-graph\">{\"@context\":\"https:\\\/\\\/schema.org\",\"@graph\":[{\"@type\":\"WebPage\",\"@id\":\"https:\\\/\\\/pornobrasil.com\\\/tags\\\/\",\"url\":\"https:\\\/\\\/pornobrasil.com\\\/tags\\\/\",\"name\":\"Tags - Porno Brasil\",\"isPartOf\":{\"@id\":\"https:\\\/\\\/pornobrasil.com\\\/#website\"},\"datePublished\":\"2018-03-08T04:40:10+00:00\",\"dateModified\":\"2022-02-24T13:52:25+00:00\",\"description\":\"Tags e Categorias do porn\u00f4 brasileiro. Assista os melhores v\u00eddeos porn\u00f4s brasileiro gr\u00e1tis organizados por Tags. Pornobrasil.com!\",\"breadcrumb\":{\"@id\":\"https:\\\/\\\/pornobrasil.com\\\/tags\\\/#breadcrumb\"},\"inLanguage\":\"pt-BR\",\"potentialAction\":[{\"@type\":\"ReadAction\",\"target\":[\"https:\\\/\\\/pornobrasil.com\\\/tags\\\/\"]}]},{\"@type\":\"BreadcrumbList\",\"@id\":\"https:\\\/\\\/pornobrasil.com\\\/tags\\\/#breadcrumb\",\"itemListElement\":[{\"@type\":\"ListItem\",\"position\":1,\"name\":\"In\u00edcio\",\"item\":\"https:\\\/\\\/pornobrasil.com\\\/\"},{\"@type\":\"ListItem\",\"position\":2,\"name\":\"Tags\"}]},{\"@type\":\"WebSite\",\"@id\":\"https:\\\/\\\/pornobrasil.com\\\/#website\",\"url\":\"https:\\\/\\\/pornobrasil.com\\\/\",\"name\":\"Porno Brasil\",\"description\":\"V\u00eddeos Porn\u00f4 Brasileiro Gr\u00e1tis\",\"publisher\":{\"@id\":\"https:\\\/\\\/pornobrasil.com\\\/#organization\"},\"potentialAction\":[{\"@type\":\"SearchAction\",\"target\":{\"@type\":\"EntryPoint\",\"urlTemplate\":\"https:\\\/\\\/pornobrasil.com\\\/?s={search_term_string}\"},\"query-input\":{\"@type\":\"PropertyValueSpecification\",\"valueRequired\":true,\"valueName\":\"search_term_string\"}}],\"inLanguage\":\"pt-BR\"},{\"@type\":\"Organization\",\"@id\":\"https:\\\/\\\/pornobrasil.com\\\/#organization\",\"name\":\"Porno Brasil\",\"url\":\"https:\\\/\\\/pornobrasil.com\\\/\",\"logo\":{\"@type\":\"ImageObject\",\"inLanguage\":\"pt-BR\",\"@id\":\"https:\\\/\\\/pornobrasil.com\\\/#\\\/schema\\\/logo\\\/image\\\/\",\"url\":\"https:\\\/\\\/pornobrasil.com\\\/wp-content\\\/uploads\\\/2020\\\/10\\\/pornobrasil.png\",\"contentUrl\":\"https:\\\/\\\/pornobrasil.com\\\/wp-content\\\/uploads\\\/2020\\\/10\\\/pornobrasil.png\",\"width\":226,\"height\":30,\"caption\":\"Porno Brasil\"},\"image\":{\"@id\":\"https:\\\/\\\/pornobrasil.com\\\/#\\\/schema\\\/logo\\\/image\\\/\"}}]}<\/script>\n<!-- \/ Yoast SEO Premium plugin. -->","yoast_head_json":{"title":"Tags - Porno Brasil","description":"Tags e Categorias do porn\u00f4 brasileiro. Assista os melhores v\u00eddeos porn\u00f4s brasileiro gr\u00e1tis organizados por Tags. Pornobrasil.com!","robots":{"index":"index","follow":"follow","max-snippet":"max-snippet:-1","max-image-preview":"max-image-preview:large","max-video-preview":"max-video-preview:-1"},"canonical":"https:\/\/pornobrasil.com\/tags\/","schema":{"@context":"https:\/\/schema.org","@graph":[{"@type":"WebPage","@id":"https:\/\/pornobrasil.com\/tags\/","url":"https:\/\/pornobrasil.com\/tags\/","name":"Tags - Porno Brasil","isPartOf":{"@id":"https:\/\/pornobrasil.com\/#website"},"datePublished":"2018-03-08T04:40:10+00:00","dateModified":"2022-02-24T13:52:25+00:00","description":"Tags e Categorias do porn\u00f4 brasileiro. Assista os melhores v\u00eddeos porn\u00f4s brasileiro gr\u00e1tis organizados por Tags. Pornobrasil.com!","breadcrumb":{"@id":"https:\/\/pornobrasil.com\/tags\/#breadcrumb"},"inLanguage":"pt-BR","potentialAction":[{"@type":"ReadAction","target":["https:\/\/pornobrasil.com\/tags\/"]}]},{"@type":"BreadcrumbList","@id":"https:\/\/pornobrasil.com\/tags\/#breadcrumb","itemListElement":[{"@type":"ListItem","position":1,"name":"In\u00edcio","item":"https:\/\/pornobrasil.com\/"},{"@type":"ListItem","position":2,"name":"Tags"}]},{"@type":"WebSite","@id":"https:\/\/pornobrasil.com\/#website","url":"https:\/\/pornobrasil.com\/","name":"Porno Brasil","description":"V\u00eddeos Porn\u00f4 Brasileiro Gr\u00e1tis","publisher":{"@id":"https:\/\/pornobrasil.com\/#organization"},"potentialAction":[{"@type":"SearchAction","target":{"@type":"EntryPoint","urlTemplate":"https:\/\/pornobrasil.com\/?s={search_term_string}"},"query-input":{"@type":"PropertyValueSpecification","valueRequired":true,"valueName":"search_term_string"}}],"inLanguage":"pt-BR"},{"@type":"Organization","@id":"https:\/\/pornobrasil.com\/#organization","name":"Porno Brasil","url":"https:\/\/pornobrasil.com\/","logo":{"@type":"ImageObject","inLanguage":"pt-BR","@id":"https:\/\/pornobrasil.com\/#\/schema\/logo\/image\/","url":"https:\/\/pornobrasil.com\/wp-content\/uploads\/2020\/10\/pornobrasil.png","contentUrl":"https:\/\/pornobrasil.com\/wp-content\/uploads\/2020\/10\/pornobrasil.png","width":226,"height":30,"caption":"Porno Brasil"},"image":{"@id":"https:\/\/pornobrasil.com\/#\/schema\/logo\/image\/"}}]}},"_links":{"self":[{"href":"https:\/\/pornobrasil.com\/wp-json\/wp\/v2\/pages\/4151","targetHints":{"allow":["GET"]}}],"collection":[{"href":"https:\/\/pornobrasil.com\/wp-json\/wp\/v2\/pages"}],"about":[{"href":"https:\/\/pornobrasil.com\/wp-json\/wp\/v2\/types\/page"}],"author":[{"embeddable":true,"href":"https:\/\/pornobrasil.com\/wp-json\/wp\/v2\/users\/1"}],"replies":[{"embeddable":true,"href":"https:\/\/pornobrasil.com\/wp-json\/wp\/v2\/comments?post=4151"}],"version-history":[{"count":0,"href":"https:\/\/pornobrasil.com\/wp-json\/wp\/v2\/pages\/4151\/revisions"}],"wp:attachment":[{"href":"https:\/\/pornobrasil.com\/wp-json\/wp\/v2\/media?parent=4151"}],"curies":[{"name":"wp","href":"https:\/\/api.w.org\/{rel}","templated":true}]}}